{"id":554,"date":"2024-10-24T13:28:08","date_gmt":"2024-10-24T11:28:08","guid":{"rendered":"http:\/\/mjc.endinahosting.com\/?page_id=554"},"modified":"2025-03-07T13:17:49","modified_gmt":"2025-03-07T12:17:49","slug":"astroturismo","status":"publish","type":"page","link":"https:\/\/manchajucarcentro.com\/turismo\/astroturismo\/","title":{"rendered":"Astroturismo"},"content":{"rendered":"\t\t<div data-elementor-type=\"wp-page\" data-elementor-id=\"554\" class=\"elementor elementor-554\">\n\t\t\t\t<div class=\"elementor-element elementor-element-c21e5cb e-flex e-con-boxed e-con e-parent\" data-id=\"c21e5cb\" data-element_type=\"container\">\n\t\t\t\t\t<div class=\"e-con-inner\">\n\t\t<div class=\"elementor-element elementor-element-76613b3 e-con-full e-flex e-con e-child\" data-id=\"76613b3\" data-element_type=\"container\">\n\t\t\t\t<div class=\"elementor-element elementor-element-7ce4f10 elementor-widget elementor-widget-text-editor\" data-id=\"7ce4f10\" data-element_type=\"widget\" data-widget_type=\"text-editor.default\">\n\t\t\t\t<div class=\"elementor-widget-container\">\n\t\t\t\t\t\t\tLa comarca cuenta con paisajes \u00fanicos que favorecen la observaci\u00f3n astron\u00f3mica, como las amplias llanuras manchegas y el valle del r\u00edo J\u00facar; horizontes abiertos y cielos despejados, sin interferencias lum\u00ednicas significativas. Para la pr\u00e1ctica del astroturismo en los municipios de la comarca se han instalado miradores Starlight desde donde se organizan talleres de observaci\u00f3n de estrellas y planetas, actividades que han tenido una excelente acogida por parte del p\u00fablico.\t\t\t\t\t\t<\/div>\n\t\t\t\t<\/div>\n\t\t\t\t<\/div>\n\t\t<div class=\"elementor-element elementor-element-a752842 e-con-full e-flex e-con e-child\" data-id=\"a752842\" data-element_type=\"container\">\n\t\t\t\t<div class=\"elementor-element elementor-element-69a4276 elementor-widget elementor-widget-text-editor\" data-id=\"69a4276\" data-element_type=\"widget\" data-widget_type=\"text-editor.default\">\n\t\t\t\t<div class=\"elementor-widget-container\">\n\t\t\t\t\t\t\tLas experiencias de astroturismo en Mancha J\u00facar-Centro incluyen desde paseos guiados bajo las estrellas hasta observaciones con telescopios profesionales, donde los visitantes pueden apreciar detalles como los cr\u00e1teres de la Luna o los anillos de Saturno.\t\t\t\t\t\t<\/div>\n\t\t\t\t<\/div>\n\t\t\t\t<\/div>\n\t\t\t\t\t<\/div>\n\t\t\t\t<\/div>\n\t\t<div class=\"elementor-element elementor-element-a7cd21a e-flex e-con-boxed e-con e-parent\" data-id=\"a7cd21a\" data-element_type=\"container\" data-settings=\"{&quot;background_background&quot;:&quot;classic&quot;}\">\n\t\t\t\t\t<div class=\"e-con-inner\">\n\t\t\t\t<div class=\"elementor-element elementor-element-1afa933 elementor-widget__width-initial elementor-widget elementor-widget-listeo-headline\" data-id=\"1afa933\" data-element_type=\"widget\" data-widget_type=\"listeo-headline.default\">\n\t\t\t\t<div class=\"elementor-widget-container\">\n\t\t\t\t\t<h3 \n\t\tstyle=\"text-align:center;\" class=\"headline  headline-aligned-to-center headline-extra-spacing headline-box  headline-with-subtitle \"> Conoce los cielos de Mancha-J\u00facar Centro  <span > Visita nuestros parajes astron\u00f3micos<\/span><\/h3>\n\t\t\t\t<\/div>\n\t\t\t\t<\/div>\n\t\t\t\t\t<\/div>\n\t\t\t\t<\/div>\n\t\t<div class=\"elementor-element elementor-element-6e3f283a bl-desc-municipios e-flex e-con-boxed e-con e-parent\" data-id=\"6e3f283a\" data-element_type=\"container\" data-settings=\"{&quot;background_background&quot;:&quot;classic&quot;}\">\n\t\t\t\t\t<div class=\"e-con-inner\">\n\t\t<div class=\"elementor-element elementor-element-73e10369 e-con-full e-flex e-con e-child\" data-id=\"73e10369\" data-element_type=\"container\">\n\t\t\t\t<div class=\"elementor-element elementor-element-6807149b elementor-pagination-position-inside elementor-arrows-position-inside elementor-widget elementor-widget-image-carousel\" data-id=\"6807149b\" data-element_type=\"widget\" data-settings=\"{&quot;slides_to_show&quot;:&quot;1&quot;,&quot;navigation&quot;:&quot;both&quot;,&quot;autoplay&quot;:&quot;yes&quot;,&quot;pause_on_hover&quot;:&quot;yes&quot;,&quot;pause_on_interaction&quot;:&quot;yes&quot;,&quot;autoplay_speed&quot;:5000,&quot;infinite&quot;:&quot;yes&quot;,&quot;effect&quot;:&quot;slide&quot;,&quot;speed&quot;:500}\" data-widget_type=\"image-carousel.default\">\n\t\t\t\t<div class=\"elementor-widget-container\">\n\t\t\t\t\t<div class=\"elementor-image-carousel-wrapper swiper\" dir=\"ltr\">\n\t\t\t<div class=\"elementor-image-carousel swiper-wrapper\" aria-live=\"off\">\n\t\t\t\t\t\t\t\t<div class=\"swiper-slide\" role=\"group\" aria-roledescription=\"slide\" aria-label=\"1 de 3\"><figure class=\"swiper-slide-inner\"><img decoding=\"async\" class=\"swiper-slide-image\" src=\"https:\/\/manchajucarcentro.com\/turismo\/wp-content\/uploads\/elementor\/thumbs\/Astroturismo-Slide-2-rhya1m7z0fpuz8jda65rb4m26gpigm9k14tbat2weg.jpg\" alt=\"\" \/><\/figure><\/div><div class=\"swiper-slide\" role=\"group\" aria-roledescription=\"slide\" aria-label=\"2 de 3\"><figure class=\"swiper-slide-inner\"><img decoding=\"async\" class=\"swiper-slide-image\" src=\"https:\/\/manchajucarcentro.com\/turismo\/wp-content\/uploads\/elementor\/thumbs\/Astroturismo-Slide-1-rhya176jz359th57pznq78eooarn1glun2djmdp760.jpg\" alt=\"\" \/><\/figure><\/div><div class=\"swiper-slide\" role=\"group\" aria-roledescription=\"slide\" aria-label=\"3 de 3\"><figure class=\"swiper-slide-inner\"><img decoding=\"async\" class=\"swiper-slide-image\" src=\"https:\/\/manchajucarcentro.com\/turismo\/wp-content\/uploads\/elementor\/thumbs\/Astroturismo-Slide-3-rhya1jegfxm00engqmxvlnboeb3etiyd0quuuz72x4.jpg\" alt=\"\" \/><\/figure><\/div>\t\t\t<\/div>\n\t\t\t\t\t\t\t\t\t\t\t\t<div class=\"elementor-swiper-button elementor-swiper-button-prev\" role=\"button\" tabindex=\"0\">\n\t\t\t\t\t\t<i aria-hidden=\"true\" class=\"eicon-chevron-left\"><\/i>\t\t\t\t\t<\/div>\n\t\t\t\t\t<div class=\"elementor-swiper-button elementor-swiper-button-next\" role=\"button\" tabindex=\"0\">\n\t\t\t\t\t\t<i aria-hidden=\"true\" class=\"eicon-chevron-right\"><\/i>\t\t\t\t\t<\/div>\n\t\t\t\t\n\t\t\t\t\t\t\t\t\t<div class=\"swiper-pagination\"><\/div>\n\t\t\t\t\t\t\t\t\t<\/div>\n\t\t\t\t<\/div>\n\t\t\t\t<\/div>\n\t\t\t\t<\/div>\n\t\t<div class=\"elementor-element elementor-element-6844c50d e-con-full e-flex e-con e-child\" data-id=\"6844c50d\" data-element_type=\"container\">\n\t\t\t\t<div class=\"elementor-element elementor-element-1c2928a0 elementor-widget elementor-widget-text-editor\" data-id=\"1c2928a0\" data-element_type=\"widget\" data-widget_type=\"text-editor.default\">\n\t\t\t\t<div class=\"elementor-widget-container\">\n\t\t\t\t\t\t\t<p>El astroturismo en la comarca Mancha J\u00facar-Centro no solo se limita a la observaci\u00f3n del cielo, sino que incluye una serie de talleres e iniciativas organizados en distintos municipios.<\/p><p>Municipios como La Roda, Fuensanta y Montalvos destacan por sus propuestas para todas las edades, integrando la astronom\u00eda con otros atractivos locales. Adem\u00e1s, varias localidades impulsan eventos nocturnos que combinan gastronom\u00eda, cultura y observaci\u00f3n estelar, creando una experiencia inmersiva para los visitantes.<\/p><p>Estas iniciativas buscan fomentar el inter\u00e9s por la ciencia y promover el turismo sostenible, posicionando a la comarca como un referente en astroturismo en Castilla-La Mancha\u200b.<\/p>\t\t\t\t\t\t<\/div>\n\t\t\t\t<\/div>\n\t\t\t\t<\/div>\n\t\t\t\t\t<\/div>\n\t\t\t\t<\/div>\n\t\t\t\t<\/div>\n\t\t","protected":false},"excerpt":{"rendered":"<p>La comarca cuenta con paisajes \u00fanicos que favorecen la observaci\u00f3n astron\u00f3mica, como las amplias llanuras manchegas y el valle del r\u00edo J\u00facar; horizontes abiertos y cielos despejados, sin interferencias lum\u00ednicas significativas. Para la pr\u00e1ctica del astroturismo en los municipios de la comarca se han instalado miradores Starlight desde donde se organizan talleres de observaci\u00f3n de [&hellip;]<\/p>\n","protected":false},"author":1,"featured_media":0,"parent":0,"menu_order":0,"comment_status":"closed","ping_status":"closed","template":"","meta":{"footnotes":""},"class_list":["post-554","page","type-page","status-publish","hentry"],"_links":{"self":[{"href":"https:\/\/manchajucarcentro.com\/turismo\/wp-json\/wp\/v2\/pages\/554","targetHints":{"allow":["GET"]}}],"collection":[{"href":"https:\/\/manchajucarcentro.com\/turismo\/wp-json\/wp\/v2\/pages"}],"about":[{"href":"https:\/\/manchajucarcentro.com\/turismo\/wp-json\/wp\/v2\/types\/page"}],"author":[{"embeddable":true,"href":"https:\/\/manchajucarcentro.com\/turismo\/wp-json\/wp\/v2\/users\/1"}],"replies":[{"embeddable":true,"href":"https:\/\/manchajucarcentro.com\/turismo\/wp-json\/wp\/v2\/comments?post=554"}],"version-history":[{"count":68,"href":"https:\/\/manchajucarcentro.com\/turismo\/wp-json\/wp\/v2\/pages\/554\/revisions"}],"predecessor-version":[{"id":4628,"href":"https:\/\/manchajucarcentro.com\/turismo\/wp-json\/wp\/v2\/pages\/554\/revisions\/4628"}],"wp:attachment":[{"href":"https:\/\/manchajucarcentro.com\/turismo\/wp-json\/wp\/v2\/media?parent=554"}],"curies":[{"name":"wp","href":"https:\/\/api.w.org\/{rel}","templated":true}]}}